{"id":530,"date":"2025-08-08T17:17:19","date_gmt":"2025-08-08T14:17:19","guid":{"rendered":"https:\/\/mashteh.com\/about\/"},"modified":"2025-08-09T20:10:56","modified_gmt":"2025-08-09T17:10:56","slug":"hakkimizda","status":"publish","type":"page","link":"https:\/\/mashteh.com\/ru\/hakkimizda\/","title":{"rendered":"\u041e \u041d\u0410\u0421"},"content":{"rendered":"<div data-elementor-type=\"wp-post\" data-elementor-id=\"530\" class=\"elementor elementor-530\">\n\t\t\t\t<div class=\"elementor-element elementor-element-661fcc5 e-flex e-con-boxed e-con e-parent\" data-id=\"661fcc5\" data-element_type=\"container\" data-e-type=\"container\" data-settings=\"{&quot;background_background&quot;:&quot;classic&quot;}\">\n\t\t\t\t\t<div class=\"e-con-inner\">\n\t\t<div class=\"elementor-element elementor-element-6879a86 e-con-full e-flex e-con e-child\" data-id=\"6879a86\" data-element_type=\"container\" data-e-type=\"container\">\n\t\t\t\t<div class=\"elementor-element elementor-element-05d7341 elementor-widget elementor-widget-heading\" data-id=\"05d7341\" data-element_type=\"widget\" data-e-type=\"widget\" data-widget_type=\"heading.default\">\n\t\t\t\t<div class=\"elementor-widget-container\">\n\t\t\t\t\t<h1 class=\"elementor-heading-title elementor-size-default\">HAKKIMZDA<\/h1>\t\t\t\t<\/div>\n\t\t\t\t<\/div>\n\t\t\t\t<\/div>\n\t\t\t\t\t<\/div>\n\t\t\t\t<\/div>\n\t\t<div class=\"elementor-element elementor-element-af5ed63 e-flex e-con-boxed e-con e-parent\" data-id=\"af5ed63\" data-element_type=\"container\" data-e-type=\"container\" data-settings=\"{&quot;background_background&quot;:&quot;classic&quot;}\">\n\t\t\t\t\t<div class=\"e-con-inner\">\n\t\t<div class=\"elementor-element elementor-element-70f9cbe e-con-full e-flex e-con e-child\" data-id=\"70f9cbe\" data-element_type=\"container\" data-e-type=\"container\">\n\t\t\t\t<div class=\"elementor-element elementor-element-89bc64a elementor-widget elementor-widget-heading\" data-id=\"89bc64a\" data-element_type=\"widget\" data-e-type=\"widget\" data-widget_type=\"heading.default\">\n\t\t\t\t<div class=\"elementor-widget-container\">\n\t\t\t\t\t<h5 class=\"elementor-heading-title elementor-size-default\">MASHTEH \n<\/h5>\t\t\t\t<\/div>\n\t\t\t\t<\/div>\n\t\t\t\t<div class=\"elementor-element elementor-element-35f6959 elementor-widget elementor-widget-heading\" data-id=\"35f6959\" data-element_type=\"widget\" data-e-type=\"widget\" data-widget_type=\"heading.default\">\n\t\t\t\t<div class=\"elementor-widget-container\">\n\t\t\t\t\t<h2 class=\"elementor-heading-title elementor-size-default\">30 Y\u0131ll\u0131k Tecr\u00fcbe ile T\u00fcrkiye\u2013Rusya Aras\u0131nda G\u00fcven ve Ticaret K\u00f6pr\u00fcs\u00fc<\/h2>\t\t\t\t<\/div>\n\t\t\t\t<\/div>\n\t\t<div class=\"elementor-element elementor-element-c13d4e2 e-con-full e-flex e-con e-child\" data-id=\"c13d4e2\" data-element_type=\"container\" data-e-type=\"container\">\n\t\t\t\t<div class=\"elementor-element elementor-element-1a9e525 elementor-widget elementor-widget-image\" data-id=\"1a9e525\" data-element_type=\"widget\" data-e-type=\"widget\" data-widget_type=\"image.default\">\n\t\t\t\t<div class=\"elementor-widget-container\">\n\t\t\t\t\t\t\t\t\t\t\t\t\t\t\t<img fetchpriority=\"high\" decoding=\"async\" width=\"1024\" height=\"508\" src=\"https:\/\/mashteh.com\/wp-content\/uploads\/2025\/08\/1-KAPAK-haci-demir-e1741530314481-1024x508.png\" class=\"attachment-large size-large wp-image-1166\" alt=\"1 kapak haci demir e1741530314481\" srcset=\"https:\/\/mashteh.com\/wp-content\/uploads\/2025\/08\/1-KAPAK-haci-demir-e1741530314481-1024x508.png 1024w, https:\/\/mashteh.com\/wp-content\/uploads\/2025\/08\/1-KAPAK-haci-demir-e1741530314481-300x149.png 300w, https:\/\/mashteh.com\/wp-content\/uploads\/2025\/08\/1-KAPAK-haci-demir-e1741530314481-768x381.png 768w, https:\/\/mashteh.com\/wp-content\/uploads\/2025\/08\/1-KAPAK-haci-demir-e1741530314481-1536x762.png 1536w, https:\/\/mashteh.com\/wp-content\/uploads\/2025\/08\/1-KAPAK-haci-demir-e1741530314481-2048x1016.png 2048w\" sizes=\"(max-width: 1024px) 100vw, 1024px\" title=\"\u041e \u041d\u0410\u0421\">\t\t\t\t\t\t\t\t\t\t\t\t\t\t\t<\/div>\n\t\t\t\t<\/div>\n\t\t\t\t<\/div>\n\t\t\t\t<\/div>\n\t\t<div class=\"elementor-element elementor-element-b486ea1 e-con-full e-flex e-con e-child\" data-id=\"b486ea1\" data-element_type=\"container\" data-e-type=\"container\">\n\t\t\t\t<div class=\"elementor-element elementor-element-2afa1d6 elementor-widget elementor-widget-hfe-infocard\" data-id=\"2afa1d6\" data-element_type=\"widget\" data-e-type=\"widget\" data-widget_type=\"hfe-infocard.default\">\n\t\t\t\t<div class=\"elementor-widget-container\">\n\t\t\t\t\t\n\t\t<div class=\"hfe-infocard\">\n\t\t\t\t\t\t\t\t\t<div class=\"hfe-infocard-title-wrap\">\n\t\t\t\t<h3 class=\"hfe-infocard-title elementor-inline-editing\" data-elementor-setting-key=\"infocard_title\" data-elementor-inline-editing-toolbar=\"basic\" >Kaliteyi, g\u00fcveni ve m\u00fchendisli\u011fi tek \u00e7at\u0131 alt\u0131nda bulu\u015fturuyoruz.<\/h3>\t\t\t<\/div>\n\t\t\t\t\t\t<div class=\"hfe-infocard-text-wrap\">\n\t\t\t\t<div class=\"hfe-infocard-text elementor-inline-editing\" data-elementor-setting-key=\"infocard_description\" data-elementor-inline-editing-toolbar=\"advanced\">\n\t\t\t\t\tMashteh; makine ve i\u015f makineleri, kule\/mobil vin\u00e7ler, anahtar teslim fabrika in\u015faat\u0131 ve enerji \u00e7\u00f6z\u00fcmlerinde u\u00e7tan uca tedarik ve teknik destek sunar. T\u00fcrkiye\u2013Rusya hatt\u0131ndaki g\u00fc\u00e7l\u00fc a\u011f\u0131m\u0131zla, ihtiya\u00e7lar\u0131n\u0131za h\u0131zl\u0131 ve do\u011fru \u00e7\u00f6z\u00fcmler \u00fcretiriz.\t\t\t\t<\/div>\n\t\t\t\t\t\t\t<\/div>\n\t\t<\/div>\n\n\t\t\t\t\t\t<\/div>\n\t\t\t\t<\/div>\n\t\t\t\t<div class=\"elementor-element elementor-element-fc2646a elementor-widget elementor-widget-text-editor\" data-id=\"fc2646a\" data-element_type=\"widget\" data-e-type=\"widget\" data-widget_type=\"text-editor.default\">\n\t\t\t\t<div class=\"elementor-widget-container\">\n\t\t\t\t\t\t\t\t\t<p><strong data-start=\"1815\" data-end=\"1841\">Kurucumuz Hac\u0131 Akdemir<\/strong>, ODT\u00dc mezunudur ve uzun y\u0131llard\u0131r T\u00fcrkiye\u2013Rusya hatt\u0131nda i\u015f geli\u015ftirme ve ticaret alan\u0131nda aktiftir. <strong data-start=\"1943\" data-end=\"1953\">RUS\u0130AD<\/strong> ile s\u00fcrd\u00fcrd\u00fc\u011f\u00fcm\u00fcz i\u015f birli\u011fi, iki \u00fclke aras\u0131nda g\u00fcvenilir tedarik ve proje i\u015f birliklerini g\u00fc\u00e7lendirmektedir.<\/p>\t\t\t\t\t\t\t\t<\/div>\n\t\t\t\t<\/div>\n\t\t\t\t<\/div>\n\t\t\t\t\t<\/div>\n\t\t\t\t<\/div>\n\t\t<div class=\"elementor-element elementor-element-5ebe31f e-flex e-con-boxed e-con e-parent\" data-id=\"5ebe31f\" data-element_type=\"container\" data-e-type=\"container\">\n\t\t\t\t\t<div class=\"e-con-inner\">\n\t\t<div class=\"elementor-element elementor-element-da25a79 e-con-full e-flex e-con e-child\" data-id=\"da25a79\" data-element_type=\"container\" data-e-type=\"container\">\n\t\t\t\t<div class=\"elementor-element elementor-element-ba12a34 elementor-widget-divider--view-line elementor-widget elementor-widget-divider\" data-id=\"ba12a34\" data-element_type=\"widget\" data-e-type=\"widget\" data-widget_type=\"divider.default\">\n\t\t\t\t<div class=\"elementor-widget-container\">\n\t\t\t\t\t\t\t<div class=\"elementor-divider\">\n\t\t\t<span class=\"elementor-divider-separator\">\n\t\t\t\t\t\t<\/span>\n\t\t<\/div>\n\t\t\t\t\t\t<\/div>\n\t\t\t\t<\/div>\n\t\t\t\t<div class=\"elementor-element elementor-element-93ae8cb elementor-widget elementor-widget-heading\" data-id=\"93ae8cb\" data-element_type=\"widget\" data-e-type=\"widget\" data-widget_type=\"heading.default\">\n\t\t\t\t<div class=\"elementor-widget-container\">\n\t\t\t\t\t<h3 class=\"elementor-heading-title elementor-size-default\">End\u00fcstride G\u00fcvenin ve Kalitenin Ad\u0131: RUS\u0130AD \u0130\u015fbirli\u011fiyle Daha G\u00fc\u00e7l\u00fcy\u00fcz\u201d\nT\u00fcrkiye\u2013Rusya i\u015f d\u00fcnyas\u0131n\u0131n \u00f6nc\u00fc platformu RUS\u0130AD ve g\u00fc\u00e7l\u00fc tedarik a\u011f\u0131m\u0131zla, i\u015fletmenize zaman kazand\u0131ran ve maliyet avantaj\u0131 sa\u011flayan \u00e7\u00f6z\u00fcmler \u00fcretiyoruz.\n\n<\/h3>\t\t\t\t<\/div>\n\t\t\t\t<\/div>\n\t\t<div class=\"elementor-element elementor-element-42f58ad e-flex e-con-boxed e-con e-child\" data-id=\"42f58ad\" data-element_type=\"container\" data-e-type=\"container\">\n\t\t\t\t\t<div class=\"e-con-inner\">\n\t\t<div class=\"elementor-element elementor-element-6688696 e-con-full e-flex e-con e-child\" data-id=\"6688696\" data-element_type=\"container\" data-e-type=\"container\">\n\t\t\t\t<div class=\"elementor-element elementor-element-85e76d4 elementor-widget elementor-widget-heading\" data-id=\"85e76d4\" data-element_type=\"widget\" data-e-type=\"widget\" data-widget_type=\"heading.default\">\n\t\t\t\t<div class=\"elementor-widget-container\">\n\t\t\t\t\t<h4 class=\"elementor-heading-title elementor-size-default\">Yenilik\u00e7i \u00c7\u00f6z\u00fcmler<\/h4>\t\t\t\t<\/div>\n\t\t\t\t<\/div>\n\t\t\t\t<div class=\"elementor-element elementor-element-12be2de elementor-widget elementor-widget-text-editor\" data-id=\"12be2de\" data-element_type=\"widget\" data-e-type=\"widget\" data-widget_type=\"text-editor.default\">\n\t\t\t\t<div class=\"elementor-widget-container\">\n\t\t\t\t\t\t\t\t\t<p>Sahan\u0131n ger\u00e7ek ihtiya\u00e7lar\u0131na uygun, \u00f6l\u00e7eklenebilir ve bak\u0131m dostu sistemler tasarlar ve tedarik ederiz. M\u00fchendislerimiz proje bazl\u0131 do\u011fru \u00fcr\u00fcn e\u015fle\u015ftirmesi yapar.<\/p>\t\t\t\t\t\t\t\t<\/div>\n\t\t\t\t<\/div>\n\t\t\t\t<\/div>\n\t\t<div class=\"elementor-element elementor-element-98d9081 e-con-full e-flex e-con e-child\" data-id=\"98d9081\" data-element_type=\"container\" data-e-type=\"container\">\n\t\t\t\t<div class=\"elementor-element elementor-element-fcb2a0e elementor-widget elementor-widget-heading\" data-id=\"fcb2a0e\" data-element_type=\"widget\" data-e-type=\"widget\" data-widget_type=\"heading.default\">\n\t\t\t\t<div class=\"elementor-widget-container\">\n\t\t\t\t\t<h4 class=\"elementor-heading-title elementor-size-default\">Kalite G\u00fcvencesi<\/h4>\t\t\t\t<\/div>\n\t\t\t\t<\/div>\n\t\t\t\t<div class=\"elementor-element elementor-element-964733e elementor-widget elementor-widget-text-editor\" data-id=\"964733e\" data-element_type=\"widget\" data-e-type=\"widget\" data-widget_type=\"text-editor.default\">\n\t\t\t\t<div class=\"elementor-widget-container\">\n\t\t\t\t\t\t\t\t\t<p>\u00dcr\u00fcn ve ekipmanlar\u0131m\u0131z uluslararas\u0131 standartlara uygundur; tedarikte izlenebilirlik ve teknik dok\u00fcmantasyon sa\u011flayarak riskleri azalt\u0131r\u0131z.<\/p>\t\t\t\t\t\t\t\t<\/div>\n\t\t\t\t<\/div>\n\t\t\t\t<\/div>\n\t\t<div class=\"elementor-element elementor-element-7dcddbd e-con-full e-flex e-con e-child\" data-id=\"7dcddbd\" data-element_type=\"container\" data-e-type=\"container\">\n\t\t\t\t<div class=\"elementor-element elementor-element-408419d elementor-widget elementor-widget-heading\" data-id=\"408419d\" data-element_type=\"widget\" data-e-type=\"widget\" data-widget_type=\"heading.default\">\n\t\t\t\t<div class=\"elementor-widget-container\">\n\t\t\t\t\t<h4 class=\"elementor-heading-title elementor-size-default\">G\u00fcvenilir \u0130\u015f Orta\u011f\u0131<\/h4>\t\t\t\t<\/div>\n\t\t\t\t<\/div>\n\t\t\t\t<div class=\"elementor-element elementor-element-bcf8610 elementor-widget elementor-widget-text-editor\" data-id=\"bcf8610\" data-element_type=\"widget\" data-e-type=\"widget\" data-widget_type=\"text-editor.default\">\n\t\t\t\t<div class=\"elementor-widget-container\">\n\t\t\t\t\t\t\t\t\t<p>Tek seferlik sat\u0131\u015f yerine s\u00fcrd\u00fcr\u00fclebilir i\u015f birli\u011fini hedefleriz. Lojistik, g\u00fcmr\u00fck ve sat\u0131\u015f sonras\u0131 destek s\u00fcre\u00e7lerini tek elden y\u00f6netiriz.<\/p>\t\t\t\t\t\t\t\t<\/div>\n\t\t\t\t<\/div>\n\t\t\t\t<\/div>\n\t\t\t\t\t<\/div>\n\t\t\t\t<\/div>\n\t\t\t\t<\/div>\n\t\t\t\t\t<\/div>\n\t\t\t\t<\/div>\n\t\t\t\t<\/div>","protected":false},"excerpt":{"rendered":"<p>HAKKIMZDA MASHTEH 30 Y\u0131ll\u0131k Tecr\u00fcbe ile T\u00fcrkiye\u2013Rusya Aras\u0131nda G\u00fcven ve Ticaret K\u00f6pr\u00fcs\u00fc Kaliteyi, g\u00fcveni ve m\u00fchendisli\u011fi tek \u00e7at\u0131 alt\u0131nda bulu\u015fturuyoruz. Mashteh; makine ve i\u015f makineleri, kule\/mobil vin\u00e7ler, anahtar teslim fabrika in\u015faat\u0131 ve enerji \u00e7\u00f6z\u00fcmlerinde u\u00e7tan uca tedarik ve teknik destek sunar. T\u00fcrkiye\u2013Rusya hatt\u0131ndaki g\u00fc\u00e7l\u00fc a\u011f\u0131m\u0131zla, ihtiya\u00e7lar\u0131n\u0131za h\u0131zl\u0131 ve do\u011fru \u00e7\u00f6z\u00fcmler \u00fcretiriz. Kurucumuz Hac\u0131 Akdemir, ODT\u00dc [&hellip;]<\/p>","protected":false},"author":1,"featured_media":0,"parent":0,"menu_order":0,"comment_status":"closed","ping_status":"closed","template":"","meta":{"site-sidebar-layout":"no-sidebar","site-content-layout":"page-builder","ast-site-content-layout":"full-width-container","site-content-style":"unboxed","site-sidebar-style":"unboxed","ast-global-header-display":"","ast-banner-title-visibility":"","ast-main-header-display":"","ast-hfb-above-header-display":"","ast-hfb-below-header-display":"","ast-hfb-mobile-header-display":"","site-post-title":"disabled","ast-breadcrumbs-content":"","ast-featured-img":"disabled","footer-sml-layout":"","ast-disable-related-posts":"","theme-transparent-header-meta":"enabled","adv-header-id-meta":"","stick-header-meta":"","header-above-stick-meta":"","header-main-stick-meta":"","header-below-stick-meta":"","astra-migrate-meta-layouts":"set","ast-page-background-enabled":"default","ast-page-background-meta":{"desktop":{"background-color":"","background-image":"","background-repeat":"repeat","background-position":"center center","background-size":"auto","background-attachment":"scroll","background-type":"","background-media":"","overlay-type":"","overlay-color":"","overlay-opacity":"","overlay-gradient":""},"tablet":{"background-color":"","background-image":"","background-repeat":"repeat","background-position":"center center","background-size":"auto","background-attachment":"scroll","background-type":"","background-media":"","overlay-type":"","overlay-color":"","overlay-opacity":"","overlay-gradient":""},"mobile":{"background-color":"","background-image":"","background-repeat":"repeat","background-position":"center center","background-size":"auto","background-attachment":"scroll","background-type":"","background-media":"","overlay-type":"","overlay-color":"","overlay-opacity":"","overlay-gradient":""}},"ast-content-background-meta":{"desktop":{"background-color":"var(--ast-global-color-5)","background-image":"","background-repeat":"repeat","background-position":"center center","background-size":"auto","background-attachment":"scroll","background-type":"","background-media":"","overlay-type":"","overlay-color":"","overlay-opacity":"","overlay-gradient":""},"tablet":{"background-color":"var(--ast-global-color-5)","background-image":"","background-repeat":"repeat","background-position":"center center","background-size":"auto","background-attachment":"scroll","background-type":"","background-media":"","overlay-type":"","overlay-color":"","overlay-opacity":"","overlay-gradient":""},"mobile":{"background-color":"var(--ast-global-color-5)","background-image":"","background-repeat":"repeat","background-position":"center center","background-size":"auto","background-attachment":"scroll","background-type":"","background-media":"","overlay-type":"","overlay-color":"","overlay-opacity":"","overlay-gradient":""}},"footnotes":""},"class_list":["post-530","page","type-page","status-publish","hentry"],"_links":{"self":[{"href":"https:\/\/mashteh.com\/ru\/wp-json\/wp\/v2\/pages\/530","targetHints":{"allow":["GET"]}}],"collection":[{"href":"https:\/\/mashteh.com\/ru\/wp-json\/wp\/v2\/pages"}],"about":[{"href":"https:\/\/mashteh.com\/ru\/wp-json\/wp\/v2\/types\/page"}],"author":[{"embeddable":true,"href":"https:\/\/mashteh.com\/ru\/wp-json\/wp\/v2\/users\/1"}],"replies":[{"embeddable":true,"href":"https:\/\/mashteh.com\/ru\/wp-json\/wp\/v2\/comments?post=530"}],"version-history":[{"count":13,"href":"https:\/\/mashteh.com\/ru\/wp-json\/wp\/v2\/pages\/530\/revisions"}],"predecessor-version":[{"id":1176,"href":"https:\/\/mashteh.com\/ru\/wp-json\/wp\/v2\/pages\/530\/revisions\/1176"}],"wp:attachment":[{"href":"https:\/\/mashteh.com\/ru\/wp-json\/wp\/v2\/media?parent=530"}],"curies":[{"name":"wp","href":"https:\/\/api.w.org\/{rel}","templated":true}]}}